{"id":11,"date":"2024-02-08T08:14:49","date_gmt":"2024-02-08T08:14:49","guid":{"rendered":"https:\/\/404.net.tr\/start\/?page_id=11"},"modified":"2025-09-29T18:12:35","modified_gmt":"2025-09-29T18:12:35","slug":"contact","status":"publish","type":"page","link":"https:\/\/404.net.tr\/start\/contact\/","title":{"rendered":"\u0130leti\u015fim"},"content":{"rendered":"\r\n<p>CEYHUN K\u00dc\u00c7\u00dcK<\/p>\r\n\r\n\r\n\r\n<p>ceyhun_@hotmail.com<\/p>\r\n\r\n\r\n\r\n<p>+90 533 457 9956<\/p>\r\n\r\n\r\n\r\n\r\n\r\n<p>Ar\u0131kan Cad. 8\/21 Mal\u0131k\u00f6y \/ Ihlamurkent \/ Sincan \/ Ankara<\/p>\r\n<pre>      '.,\r\n        'b      *\r\n         '$    #.\r\n          $:   #:\r\n          *#  @):\r\n          :@,@):   ,.**:'\r\n,         :@@*: ..**'\r\n '#o.    .:(@'.@*\"'\r\n    'bq,..:,@@*'   ,*\r\n    ,p$q8,:@)'  .p*'\r\n   '    '@@Pp@@*'\r\n         Y7'.'\r\n        :@):.\r\n       .:@:'.\r\n     .::(@:.      <\/pre>\r\n","protected":false},"excerpt":{"rendered":"<p>CEYHUN K\u00dc\u00c7\u00dcK ceyhun_@hotmail.com +90 533 457 9956 Ar\u0131kan Cad. 8\/21 Mal\u0131k\u00f6y \/ Ihlamurkent \/ Sincan \/ Ankara &#8216;., &#8216;b * &#8216;$ #. $: #: *# @): :@,@): ,.**:&#8217; , :@@*: ..**&#8217; &#8216;#o. .:(@&#8217;.@*&#8221;&#8216; &#8216;bq,..:,@@*&#8217; ,* ,p$q8,:@)&#8217; .p*&#8217; &#8216; &#8216;@@Pp@@*&#8217; Y7&#8242;.&#8217; :@):. .:@:&#8217;. .::(@:.<\/p>\n","protected":false},"author":1,"featured_media":0,"parent":0,"menu_order":0,"comment_status":"closed","ping_status":"closed","template":"","meta":{"footnotes":""},"class_list":["post-11","page","type-page","status-publish"],"_links":{"self":[{"href":"https:\/\/404.net.tr\/start\/wp-json\/wp\/v2\/pages\/11","targetHints":{"allow":["GET"]}}],"collection":[{"href":"https:\/\/404.net.tr\/start\/wp-json\/wp\/v2\/pages"}],"about":[{"href":"https:\/\/404.net.tr\/start\/wp-json\/wp\/v2\/types\/page"}],"author":[{"embeddable":true,"href":"https:\/\/404.net.tr\/start\/wp-json\/wp\/v2\/users\/1"}],"replies":[{"embeddable":true,"href":"https:\/\/404.net.tr\/start\/wp-json\/wp\/v2\/comments?post=11"}],"version-history":[{"count":5,"href":"https:\/\/404.net.tr\/start\/wp-json\/wp\/v2\/pages\/11\/revisions"}],"predecessor-version":[{"id":186,"href":"https:\/\/404.net.tr\/start\/wp-json\/wp\/v2\/pages\/11\/revisions\/186"}],"wp:attachment":[{"href":"https:\/\/404.net.tr\/start\/wp-json\/wp\/v2\/media?parent=11"}],"curies":[{"name":"wp","href":"https:\/\/api.w.org\/{rel}","templated":true}]}}