{"id":2,"date":"2024-02-01T21:03:12","date_gmt":"2024-02-01T21:03:12","guid":{"rendered":"https:\/\/404.net.tr\/start\/?page_id=2"},"modified":"2025-08-20T11:02:37","modified_gmt":"2025-08-20T11:02:37","slug":"aboutme","status":"publish","type":"page","link":"https:\/\/404.net.tr\/start\/","title":{"rendered":"Hakk\u0131mda"},"content":{"rendered":"\r\n<p>Merhaba,<\/p>\r\n\r\n\r\n\r\n<p>Ceyhun K\u00fc\u00e7\u00fck, Ece &#8216;nin babas\u0131, evli, uzun s\u00fcre \u00e7ok uluslu bir firmada bili\u015fim, tasar\u0131m konular\u0131nda \u00e7al\u0131\u015fm\u0131\u015ft\u0131r.<\/p>\r\n\r\n\r\n\r\n<p>Kendi apache web sunucusunu ve dns sunucular\u0131n\u0131 kurmu\u015f halen i\u015fletmektedir, office programlar\u0131 \u00fczerine low code makro uygulamalar\u0131 geli\u015ftirmi\u015f, bir\u00e7ok websayfas\u0131n\u0131 ve uygulamay\u0131 hayata ge\u00e7irmi\u015f, yaz\u0131l\u0131m ve donan\u0131mlar i\u00e7in butik teknik destek, dan\u0131\u015fmanl\u0131k vermektedir.<\/p>\r\n<p>Son d\u00f6nemde SEO ve ihracat odakl\u0131 dijital marketing \u00fczerine yo\u011funla\u015fan \u00e7al\u0131\u015fmalar i\u00e7inde bulunmu\u015ftur.<\/p>\r\n\r\n\r\n\r\n<p>&nbsp;<\/p>\r\n\r\n\r\n\r\n<blockquote class=\"wp-block-quote is-layout-flow wp-block-quote-is-layout-flow\">\r\n<p>&nbsp;<\/p>\r\n<\/blockquote>\r\n\r\n\r\n\r\n<p>&nbsp;<\/p>\r\n","protected":false},"excerpt":{"rendered":"<p>Merhaba, Ceyhun K\u00fc\u00e7\u00fck, Ece &#8216;nin babas\u0131, evli, uzun s\u00fcre \u00e7ok uluslu bir firmada bili\u015fim, tasar\u0131m konular\u0131nda \u00e7al\u0131\u015fm\u0131\u015ft\u0131r. Kendi apache web sunucusunu ve dns sunucular\u0131n\u0131 kurmu\u015f halen i\u015fletmektedir, office programlar\u0131 \u00fczerine low code makro uygulamalar\u0131 geli\u015ftirmi\u015f, bir\u00e7ok websayfas\u0131n\u0131 ve uygulamay\u0131 hayata ge\u00e7irmi\u015f, yaz\u0131l\u0131m ve donan\u0131mlar i\u00e7in butik teknik destek, dan\u0131\u015fmanl\u0131k vermektedir. Son d\u00f6nemde SEO ve ihracat &#8230; <a title=\"Hakk\u0131mda\" class=\"read-more\" href=\"https:\/\/404.net.tr\/start\/\">Read more<span class=\"screen-reader-text\">Hakk\u0131mda<\/span><\/a><\/p>\n","protected":false},"author":1,"featured_media":0,"parent":0,"menu_order":0,"comment_status":"closed","ping_status":"closed","template":"","meta":{"footnotes":""},"class_list":["post-2","page","type-page","status-publish"],"_links":{"self":[{"href":"https:\/\/404.net.tr\/start\/wp-json\/wp\/v2\/pages\/2","targetHints":{"allow":["GET"]}}],"collection":[{"href":"https:\/\/404.net.tr\/start\/wp-json\/wp\/v2\/pages"}],"about":[{"href":"https:\/\/404.net.tr\/start\/wp-json\/wp\/v2\/types\/page"}],"author":[{"embeddable":true,"href":"https:\/\/404.net.tr\/start\/wp-json\/wp\/v2\/users\/1"}],"replies":[{"embeddable":true,"href":"https:\/\/404.net.tr\/start\/wp-json\/wp\/v2\/comments?post=2"}],"version-history":[{"count":10,"href":"https:\/\/404.net.tr\/start\/wp-json\/wp\/v2\/pages\/2\/revisions"}],"predecessor-version":[{"id":146,"href":"https:\/\/404.net.tr\/start\/wp-json\/wp\/v2\/pages\/2\/revisions\/146"}],"wp:attachment":[{"href":"https:\/\/404.net.tr\/start\/wp-json\/wp\/v2\/media?parent=2"}],"curies":[{"name":"wp","href":"https:\/\/api.w.org\/{rel}","templated":true}]}}