{"id":23,"date":"2024-02-08T09:31:23","date_gmt":"2024-02-08T09:31:23","guid":{"rendered":"https:\/\/404.net.tr\/start\/?page_id=23"},"modified":"2025-09-29T17:58:47","modified_gmt":"2025-09-29T17:58:47","slug":"404-sayfa-bulunamadi-404-page-not-found","status":"publish","type":"page","link":"https:\/\/404.net.tr\/start\/404-sayfa-bulunamadi-404-page-not-found\/","title":{"rendered":"404 Sayfa Bulunamad\u0131 \/ Page Not Found"},"content":{"rendered":"\r\n<h4>Ula\u015fmak istedi\u011finiz sayfa SSL sertifikas\u0131 hatas\u0131 sebebiyle ula\u015f\u0131lam\u0131yor.\u00a0<br \/><strong>The page you requested cannot be reached due to SSL Certificate Error.<\/strong><\/h4>\r\n\r\n\r\n\r\n<h5 class=\"has-small-font-size\">Gitmek istedi\u011finiz adresi do\u011frulay\u0131n: <br \/>http<a href=\"#\"><strong>s<\/strong><\/a>:\/\/domain.com &gt;&gt; SSL sertifikas\u0131 yoksa ula\u015f\u0131lamaz<br \/>http:\/\/domain.com &gt;&gt; Adresinizi https olmadan tekrar deneyin!<\/h5>\r\n\r\n\r\n\r\n<blockquote class=\"wp-block-quote is-style-plain is-layout-flow wp-block-quote-is-layout-flow\">\r\n<p class=\"has-small-font-size\">Google Chrome &#8220;http:\/\/&#8221; \u00f6n eki olmayan adresleri otomatik olarak &#8220;http<strong>s<\/strong>:\/\/&#8221; adresine y\u00f6nlendirir, SSL sertifikas\u0131 olmayan websiteleri bu durumda g\u00fcvenli ba\u011flant\u0131 sa\u011flayamaz, SSL sertifikas\u0131\/G\u00fcvenlik hatas\u0131 al\u0131rs\u0131n\u0131z. Bu durumda adresinizi kontrol edip &#8220;http:\/\/&#8221; \u00f6n eki ile sitenize ula\u015fmay\u0131 denemelisiniz.\u00a0<br \/><br \/><strong>Make sure use correct prefix: Google Chrome redirects urls to &#8220;https:\/\/&#8221; but when the webpage dont have SSL Certificate, secure socket layer connection cannot be established then SSL bad certificate error occurs and you are redirect to servers first SSL certified error page. To prevent this use &#8220;http:\/\/&#8221; prefix for none SSL webpages.<\/strong><\/p>\r\n<\/blockquote>\r\n\r\n\r\n\r\n<p><a href=\"mailto:ck2006@gmail.com\"><strong>SSL sertifikas\u0131 kiralay\u0131n. Are you owner of this page Buy SSL Certificate<\/strong><\/a><\/p>\r\n<p>\u2571|\u3001<br \/>(\u02da\u02ce \u30027 <br \/>|\u3001\u02dc\u3035 <br \/>\u3058\u3057\u02cd,)\u30ce<\/p>\r\n","protected":false},"excerpt":{"rendered":"<p>Ula\u015fmak istedi\u011finiz sayfa SSL sertifikas\u0131 hatas\u0131 sebebiyle ula\u015f\u0131lam\u0131yor.\u00a0The page you requested cannot be reached due to SSL Certificate Error. Gitmek istedi\u011finiz adresi do\u011frulay\u0131n: https:\/\/domain.com &gt;&gt; SSL sertifikas\u0131 yoksa ula\u015f\u0131lamazhttp:\/\/domain.com &gt;&gt; Adresinizi https olmadan tekrar deneyin! Google Chrome &#8220;http:\/\/&#8221; \u00f6n eki olmayan adresleri otomatik olarak &#8220;https:\/\/&#8221; adresine y\u00f6nlendirir, SSL sertifikas\u0131 olmayan websiteleri bu durumda g\u00fcvenli ba\u011flant\u0131 &#8230; <a title=\"404 Sayfa Bulunamad\u0131 \/ Page Not Found\" class=\"read-more\" href=\"https:\/\/404.net.tr\/start\/404-sayfa-bulunamadi-404-page-not-found\/\">Read more<span class=\"screen-reader-text\">404 Sayfa Bulunamad\u0131 \/ Page Not Found<\/span><\/a><\/p>\n","protected":false},"author":1,"featured_media":0,"parent":0,"menu_order":0,"comment_status":"closed","ping_status":"closed","template":"","meta":{"footnotes":""},"class_list":["post-23","page","type-page","status-publish"],"_links":{"self":[{"href":"https:\/\/404.net.tr\/start\/wp-json\/wp\/v2\/pages\/23","targetHints":{"allow":["GET"]}}],"collection":[{"href":"https:\/\/404.net.tr\/start\/wp-json\/wp\/v2\/pages"}],"about":[{"href":"https:\/\/404.net.tr\/start\/wp-json\/wp\/v2\/types\/page"}],"author":[{"embeddable":true,"href":"https:\/\/404.net.tr\/start\/wp-json\/wp\/v2\/users\/1"}],"replies":[{"embeddable":true,"href":"https:\/\/404.net.tr\/start\/wp-json\/wp\/v2\/comments?post=23"}],"version-history":[{"count":25,"href":"https:\/\/404.net.tr\/start\/wp-json\/wp\/v2\/pages\/23\/revisions"}],"predecessor-version":[{"id":183,"href":"https:\/\/404.net.tr\/start\/wp-json\/wp\/v2\/pages\/23\/revisions\/183"}],"wp:attachment":[{"href":"https:\/\/404.net.tr\/start\/wp-json\/wp\/v2\/media?parent=23"}],"curies":[{"name":"wp","href":"https:\/\/api.w.org\/{rel}","templated":true}]}}