{"id":51,"date":"2024-02-08T11:20:26","date_gmt":"2024-02-08T11:20:26","guid":{"rendered":"https:\/\/404.net.tr\/start\/?page_id=51"},"modified":"2025-07-08T06:31:43","modified_gmt":"2025-07-08T06:31:43","slug":"works","status":"publish","type":"page","link":"https:\/\/404.net.tr\/start\/works\/","title":{"rendered":"Hizmetler"},"content":{"rendered":"\r\n<ul class=\"wp-block-list\">\r\n<li>Bilgisayar bak\u0131m, tamir, teknik servis hizmetleri<\/li>\r\n\r\n\r\n\r\n<li>A\u011f kurulum, bak\u0131m<\/li>\r\n\r\n\r\n\r\n<li>NAS \/ Depolama cihazlar\u0131, yedekleme veri kurtarma.<\/li>\r\n\r\n\r\n\r\n<li>Websitesi tasar\u0131m, wordpress, joomla vb.<\/li>\r\n\r\n\r\n\r\n<li>Elektronik ticaret websitesi \u00f6deme sistemleri<\/li>\r\n\r\n\r\n\r\n<li>Hosting sat\u0131\u015f, SSL sertifikas\u0131 kurulum hizmetleri<\/li>\r\n\r\n\r\n\r\n<li>File server, webserver sunucu kurulum hizmetleri<\/li>\r\n\r\n\r\n\r\n<li>Kurumsal kimlik, logo, antedli ka\u011f\u0131t vb. tasar\u0131mlar\u0131<\/li>\r\n\r\n\r\n\r\n<li>Mail marketing, google ads dan\u0131\u015fmanl\u0131k hizmeti<\/li>\r\n\r\n\r\n\r\n<li>SEO, arama motoru optimizasyonu<\/li>\r\n\r\n\r\n\r\n<li>Youtube shorts ve video olu\u015fturma hizmetleri <a href=\"https:\/\/www.youtube.com\/watch?v=TLw9LntGJi0\">\u00f6rn1<\/a> <a href=\"https:\/\/youtube.com\/shorts\/NVnKN_q5j0k\">\u00f6rn2<\/a><\/li>\r\n<\/ul>\r\n","protected":false},"excerpt":{"rendered":"","protected":false},"author":1,"featured_media":0,"parent":0,"menu_order":0,"comment_status":"closed","ping_status":"closed","template":"","meta":{"footnotes":""},"class_list":["post-51","page","type-page","status-publish"],"_links":{"self":[{"href":"https:\/\/404.net.tr\/start\/wp-json\/wp\/v2\/pages\/51","targetHints":{"allow":["GET"]}}],"collection":[{"href":"https:\/\/404.net.tr\/start\/wp-json\/wp\/v2\/pages"}],"about":[{"href":"https:\/\/404.net.tr\/start\/wp-json\/wp\/v2\/types\/page"}],"author":[{"embeddable":true,"href":"https:\/\/404.net.tr\/start\/wp-json\/wp\/v2\/users\/1"}],"replies":[{"embeddable":true,"href":"https:\/\/404.net.tr\/start\/wp-json\/wp\/v2\/comments?post=51"}],"version-history":[{"count":7,"href":"https:\/\/404.net.tr\/start\/wp-json\/wp\/v2\/pages\/51\/revisions"}],"predecessor-version":[{"id":122,"href":"https:\/\/404.net.tr\/start\/wp-json\/wp\/v2\/pages\/51\/revisions\/122"}],"wp:attachment":[{"href":"https:\/\/404.net.tr\/start\/wp-json\/wp\/v2\/media?parent=51"}],"curies":[{"name":"wp","href":"https:\/\/api.w.org\/{rel}","templated":true}]}}