{"id":66,"date":"2024-02-10T20:19:56","date_gmt":"2024-02-10T20:19:56","guid":{"rendered":"https:\/\/404.net.tr\/start\/?page_id=66"},"modified":"2024-02-10T20:23:45","modified_gmt":"2024-02-10T20:23:45","slug":"free-coloring-books","status":"publish","type":"page","link":"https:\/\/404.net.tr\/start\/free-coloring-books\/","title":{"rendered":"Free Coloring Books"},"content":{"rendered":"\n<ul class=\"wp-block-list\">\n<li><a href=\"https:\/\/404.net.tr\/coloringbooks\/AfricanAnimals%20Coloring%20Book.pdf\">AfricanAnimals Coloring Book.pdf<\/a><\/li>\n\n\n\n<li><a href=\"https:\/\/404.net.tr\/coloringbooks\/American%20Wild%20Flowers%20Coloring%20Book.pdf\">American Wild Flowers Coloring Book.pdf<\/a><\/li>\n\n\n\n<li><a href=\"https:\/\/404.net.tr\/coloringbooks\/Anatomy%20Coloring%20Book%20-%20Dover.pdf\">Anatomy Coloring Book &#8211; Dover.pdf<\/a><\/li>\n\n\n\n<li><a href=\"https:\/\/404.net.tr\/coloringbooks\/Anatomy%20Coloring%20Book.pdf\">Anatomy Coloring Book.pdf<\/a><\/li>\n\n\n\n<li><a href=\"https:\/\/404.net.tr\/coloringbooks\/Ancient%20Egyptian%20Coloring%20Book.pdf\">Ancient Egyptian Coloring Book.pdf<\/a><\/li>\n\n\n\n<li><a href=\"https:\/\/404.net.tr\/coloringbooks\/Arbel%20I.%20-%20Favorite%20Roses%20(Dover%20Coloring%20Book)%20-%201988.pdf\">Arbel I. &#8211; Favorite Roses (Dover Coloring Book) &#8211; 1988.pdf<\/a><\/li>\n\n\n\n<li><a href=\"https:\/\/404.net.tr\/coloringbooks\/Arctic%20and%20Antarctic%20Life%20Coloring%20Book.pdf\">Arctic and Antarctic Life Coloring Book.pdf<\/a><\/li>\n\n\n\n<li><a href=\"https:\/\/404.net.tr\/coloringbooks\/At%20the%20Beach%20(Dover%20Coloring%20Book).pdf\">At the Beach (Dover Coloring Book).pdf<\/a><\/li>\n\n\n\n<li><a href=\"https:\/\/404.net.tr\/coloringbooks\/Backyard%20Nature%20Coloring%20Book.pdf\">Backyard Nature Coloring Book.pdf<\/a><\/li>\n\n\n\n<li><a href=\"https:\/\/404.net.tr\/coloringbooks\/Beauty%20Coloring%20Book%20.pdf\">Beauty Coloring Book .pdf<\/a><\/li>\n\n\n\n<li><a href=\"https:\/\/404.net.tr\/coloringbooks\/Beylon%20C.%20-%20At%20the%20Aquarium%20(Dover%20Coloring%20Book)%20-%202003.pdf\">Beylon C. &#8211; At the Aquarium (Dover Coloring Book) &#8211; 2003.pdf<\/a><\/li>\n\n\n\n<li><a href=\"https:\/\/404.net.tr\/coloringbooks\/Beylon%20C.%20-%20At%20the%20Pet%20Shop%20(Dover%20Coloring%20Book)%20-%202004.pdf\">Beylon C. &#8211; At the Pet Shop (Dover Coloring Book) &#8211; 2004.pdf<\/a><\/li>\n\n\n\n<li><a href=\"https:\/\/404.net.tr\/coloringbooks\/Bonforte%20L.%20-%20Fifty%20Favorite%20Birds%20(Dover%20Coloring%20Book)%20-%201982.pdf\">Bonforte L. &#8211; Fifty Favorite Birds (Dover Coloring Book) &#8211; 1982.pdf<\/a><\/li>\n\n\n\n<li><a href=\"https:\/\/404.net.tr\/coloringbooks\/Brothers%20Grimm%20-%20Snow%20White%20(Dover%20Coloring%20Book)%20-%201995.pdf\">Brothers Grimm &#8211; Snow White (Dover Coloring Book) &#8211; 1995.pdf<\/a><\/li>\n\n\n\n<li><a href=\"https:\/\/404.net.tr\/coloringbooks\/Classic%20Motor%20Cars%20Coloring%20Book.pdf\">Classic Motor Cars Coloring Book.pdf<\/a><\/li>\n\n\n\n<li><a href=\"https:\/\/404.net.tr\/coloringbooks\/Copeland%20P.F.%20-%20American%20Presidents%20(Dover%20Coloring%20Book)%20-%202001.pdf\">Copeland P.F. &#8211; American Presidents (Dover Coloring Book) &#8211; 2001.pdf<\/a><\/li>\n\n\n\n<li><a href=\"https:\/\/404.net.tr\/coloringbooks\/Copeland%20P.F.%20-%20Columbus%20Discovers%20America%20(Dover%20Coloring%20Book)%20-%201988.pdf\">Copeland P.F. &#8211; Columbus Discovers America (Dover Coloring Book) &#8211; 1988.pdf<\/a><\/li>\n\n\n\n<li><a href=\"https:\/\/404.net.tr\/coloringbooks\/Copeland%20P.F.%20-%20Indian%20Tribes%20of%20North%20America%20(Dover%20Coloring%20Book)%20-%201990.pdf\">Copeland P.F. &#8211; Indian Tribes of North America (Dover Coloring Book) &#8211; 1990.pdf<\/a><\/li>\n\n\n\n<li><a href=\"https:\/\/404.net.tr\/coloringbooks\/Copeland%20P.F.%20-%20Powell's%20Colorado%20River%20Expedition%20(Dover%20Coloring%20Book)%20-%201993.pdf\">Copeland P.F. &#8211; Powell&#8217;s Colorado River Expedition (Dover Coloring Book) &#8211; 1993.pdf<\/a><\/li>\n\n\n\n<li><a href=\"https:\/\/404.net.tr\/coloringbooks\/Copeland%20P.F.%20-%20The%20Titanic%20(Dover%20Coloring%20Book)%20-%201997.pdf\">Copeland P.F. &#8211; The Titanic (Dover Coloring Book) &#8211; 1997.pdf<\/a><\/li>\n\n\n\n<li><a href=\"https:\/\/404.net.tr\/coloringbooks\/Disney%20On%20Ice%20-%20Princess%20Classics%20Coloring%20Book.pdf\">Disney On Ice &#8211; Princess Classics Coloring Book.pdf<\/a><\/li>\n\n\n\n<li><a href=\"https:\/\/404.net.tr\/coloringbooks\/Dover%20Beginning%20Birdwatchers%20Coloring%20Book.pdf\">Dover Beginning Birdwatchers Coloring Book.pdf<\/a><\/li>\n\n\n\n<li><a href=\"https:\/\/404.net.tr\/coloringbooks\/Dover%20Coloring%20Book%20-%20History%20of%20Space%20Coloring%20Book.pdf\">Dover Coloring Book &#8211; History of Space Coloring Book.pdf<\/a><\/li>\n\n\n\n<li><a href=\"https:\/\/404.net.tr\/coloringbooks\/Dover%20Famous%20African%20American%20Women%20Coloring%20Book.pdf\">Dover Famous African American Women Coloring Book.pdf<\/a><\/li>\n\n\n\n<li><a href=\"https:\/\/404.net.tr\/coloringbooks\/Dover%20Great%20African%20Americans%20Coloring%20Book.pdf\">Dover Great African Americans Coloring Book.pdf<\/a><\/li>\n\n\n\n<li><a href=\"https:\/\/404.net.tr\/coloringbooks\/Dover%20Story%20of%20the%20Underground%20Railroad%20Coloring%20Book.pdf\">Dover Story of the Underground Railroad Coloring Book.pdf<\/a><\/li>\n\n\n\n<li><a href=\"https:\/\/404.net.tr\/coloringbooks\/Dover%20The%20Amistad%20Coloring%20Book.pdf\">Dover The Amistad Coloring Book.pdf<\/a><\/li>\n\n\n\n<li><a href=\"https:\/\/404.net.tr\/coloringbooks\/Dover%20The%20Titanic%20Coloring%20Book.pdf\">Dover The Titanic Coloring Book.pdf<\/a><\/li>\n\n\n\n<li><a href=\"https:\/\/404.net.tr\/coloringbooks\/Dover%20Wonders%20of%20the%20World%20Coloring%20Book.pdf\">Dover Wonders of the World Coloring Book.pdf<\/a><\/li>\n\n\n\n<li><a href=\"https:\/\/404.net.tr\/coloringbooks\/Favorite%20Roses%20Coloring%20Book.pdf\">Favorite Roses Coloring Book.pdf<\/a><\/li>\n\n\n\n<li><a href=\"https:\/\/404.net.tr\/coloringbooks\/Finding%20Nemo%20Coloring%20Book.pdf\">Finding Nemo Coloring Book.pdf<\/a><\/li>\n\n\n\n<li><a href=\"https:\/\/404.net.tr\/coloringbooks\/Floral%20Bouquets%20Coloring%20Book.pdf\">Floral Bouquets Coloring Book.pdf<\/a><\/li>\n\n\n\n<li><a href=\"https:\/\/404.net.tr\/coloringbooks\/Gaspas-Ettl%20D.%20-%20African%20Plains%20(Dover%20Coloring%20Book)%20-%201996.pdf\">Gaspas-Ettl D. &#8211; African Plains (Dover Coloring Book) &#8211; 1996.pdf<\/a><\/li>\n\n\n\n<li><a href=\"https:\/\/404.net.tr\/coloringbooks\/Its%20A%20Dogs%20World%20%20%20Dalmation%20Press%20Coloring%20Book.pdf\">Its A Dogs World Dalmation Press Coloring Book.pdf<\/a><\/li>\n\n\n\n<li><a href=\"https:\/\/404.net.tr\/coloringbooks\/Jenny%20C.%20-%20Animals%20Friends%20from%20Around%20the%20World%20(Dover%20Coloring%20Book)%20-%202004.pdf\">Jenny C. &#8211; Animals Friends from Around the World (Dover Coloring Book) &#8211; 2004.pdf<\/a><\/li>\n\n\n\n<li><a href=\"https:\/\/404.net.tr\/coloringbooks\/LaFontaine%20B.%20-%20All%20About%20the%20Weather%20(Dover%20Coloring%20Book)%20-%202004.pdf\">LaFontaine B. &#8211; All About the Weather (Dover Coloring Book) &#8211; 2004.pdf<\/a><\/li>\n\n\n\n<li><a href=\"https:\/\/404.net.tr\/coloringbooks\/LaFontaine%20B.%20-%20Bridges%20of%20the%20World%20(Dover%20Coloring%20Book)%20-%201994.pdf\">LaFontaine B. &#8211; Bridges of the World (Dover Coloring Book) &#8211; 1994.pdf<\/a><\/li>\n\n\n\n<li><a href=\"https:\/\/404.net.tr\/coloringbooks\/LaFontaine%20B.%20-%20The%20Adventures%20of%20Ulysses%20(Dover%20Coloring%20Book)%20-%202004.pdf\">LaFontaine B. &#8211; The Adventures of Ulysses (Dover Coloring Book) &#8211; 2004.pdf<\/a><\/li>\n\n\n\n<li><a href=\"https:\/\/404.net.tr\/coloringbooks\/Land%20Before%20time%20Colouring%20Pages.pdf\">Land Before time Colouring Pages.pdf<\/a><\/li>\n\n\n\n<li><a href=\"https:\/\/404.net.tr\/coloringbooks\/Mattox%20B.S.%20-%20Antique%20Dolls%20(Dover%20Coloring%20Book).pdf\">Mattox B.S. &#8211; Antique Dolls (Dover Coloring Book).pdf<\/a><\/li>\n\n\n\n<li><a href=\"https:\/\/404.net.tr\/coloringbooks\/Medieval%20Fashions%20Coloring%20Book,%2052i,%20english.pdf\">Medieval Fashions Coloring Book, 52i, english.pdf<\/a><\/li>\n\n\n\n<li><a href=\"https:\/\/404.net.tr\/coloringbooks\/Michael%20Jackson%20-%20Color%20Book%201985.pdf\">Michael Jackson &#8211; Color Book 1985.pdf<\/a><\/li>\n\n\n\n<li><a href=\"https:\/\/404.net.tr\/coloringbooks\/Monsters%20Inc%20Coloring%20Book.pdf\">Monsters Inc Coloring Book.pdf<\/a><\/li>\n\n\n\n<li><a href=\"https:\/\/404.net.tr\/coloringbooks\/Mother%20goose%20Coloring%20Book.pdf\">Mother goose Coloring Book.pdf<\/a><\/li>\n\n\n\n<li><a href=\"https:\/\/404.net.tr\/coloringbooks\/Nascar%20Coloring%20Book.pdf\">Nascar Coloring Book.pdf<\/a><\/li>\n\n\n\n<li><a href=\"https:\/\/404.net.tr\/coloringbooks\/Oughton%20T.%20-%20Great%20African%20Americans%20(Dover%20Coloring%20Book)%20-%201996.pdf\">Oughton T. &#8211; Great African Americans (Dover Coloring Book) &#8211; 1996.pdf<\/a><\/li>\n\n\n\n<li><a href=\"https:\/\/404.net.tr\/coloringbooks\/Princess%20Dalmation%20Press%20Coloring%20Book.pdf\">Princess Dalmation Press Coloring Book.pdf<\/a><\/li>\n\n\n\n<li><a href=\"https:\/\/404.net.tr\/coloringbooks\/Puppy%20Pals%20%20%20Dalmation%20Press%20Coloring%20Book.pdf\">Puppy Pals Dalmation Press Coloring Book.pdf<\/a><\/li>\n\n\n\n<li><a href=\"https:\/\/404.net.tr\/coloringbooks\/Shaffer%20C.%20-%20Dragons%20(Dover%20Coloring%20Book)%20-%202002.pdf\">Shaffer C. &#8211; Dragons (Dover Coloring Book) &#8211; 2002.pdf<\/a><\/li>\n\n\n\n<li><a href=\"https:\/\/404.net.tr\/coloringbooks\/Sibbett%20E.%20-%20Ancient%20Egyptian%20Design%20(Dover%20Coloring%20Book)%20-%201978.pdf\">Sibbett E. &#8211; Ancient Egyptian Design (Dover Coloring Book) &#8211; 1978.pdf<\/a><\/li>\n\n\n\n<li><a href=\"https:\/\/404.net.tr\/coloringbooks\/Smith%20A.G.%20-%20Abraham%20Lincoln%20(Dover%20Coloring%20Book)%20-%201987.pdf\">Smith A.G. &#8211; Abraham Lincoln (Dover Coloring Book) &#8211; 1987.pdf<\/a><\/li>\n\n\n\n<li><a href=\"https:\/\/404.net.tr\/coloringbooks\/Smith%20A.G.%20-%20Castles%20of%20the%20World%20(Dover%20Coloring%20Book)%20-%201986.pdf\">Smith A.G. &#8211; Castles of the World (Dover Coloring Book) &#8211; 1986.pdf<\/a><\/li>\n\n\n\n<li><a href=\"https:\/\/404.net.tr\/coloringbooks\/Soffer%20R.%20-%20Amazing%20Animals%20(Dover%20Coloring%20Book)%20-%202002.pdf\">Soffer R. &#8211; Amazing Animals (Dover Coloring Book) &#8211; 2002.pdf<\/a><\/li>\n\n\n\n<li><a href=\"https:\/\/404.net.tr\/coloringbooks\/Soffer%20R.%20-%20Coral%20Reef%20(Dover%20Coloring%20Book)%20-%201995.pdf\">Soffer R. &#8211; Coral Reef (Dover Coloring Book) &#8211; 1995.pdf<\/a><\/li>\n\n\n\n<li><a href=\"https:\/\/404.net.tr\/coloringbooks\/Soffer%20R.%20-%20Exotic%20Butterflies%20and%20Moths%20(Dover%20Coloring%20Book)%20-%202002.pdf\">Soffer R. &#8211; Exotic Butterflies and Moths (Dover Coloring Book) &#8211; 2002.pdf<\/a><\/li>\n\n\n\n<li><a href=\"https:\/\/404.net.tr\/coloringbooks\/Soffer%20R.%20-%20North%20American%20Desert%20Life%20(Dover%20Coloring%20Book)%20-%201994.pdf\">Soffer R. &#8211; North American Desert Life (Dover Coloring Book) &#8211; 1994.pdf<\/a><\/li>\n\n\n\n<li><a href=\"https:\/\/404.net.tr\/coloringbooks\/Sovak%20J.%20-%20Before%20the%20Dinosaurs%20(Dover%20Coloring%20Book)%20-%201999.pdf\">Sovak J. &#8211; Before the Dinosaurs (Dover Coloring Book) &#8211; 1999.pdf<\/a><\/li>\n\n\n\n<li><a href=\"https:\/\/404.net.tr\/coloringbooks\/Sovak%20J.%20-%20Butterflies%20(Dover%20Coloring%20Book)%20-%201992.pdf\">Sovak J. &#8211; Butterflies (Dover Coloring Book) &#8211; 1992.pdf<\/a><\/li>\n\n\n\n<li><a href=\"https:\/\/404.net.tr\/coloringbooks\/Sovak%20J.%20-%20Lizards%20(Dover%20Coloring%20Book)%20-%202006.pdf\">Sovak J. &#8211; Lizards (Dover Coloring Book) &#8211; 2006.pdf<\/a><\/li>\n\n\n\n<li><a href=\"https:\/\/404.net.tr\/coloringbooks\/Stain%20-%20Coloring%20Book%20of%20Ancient%20Ireland.pdf\">Stain &#8211; Coloring Book of Ancient Ireland.pdf<\/a><\/li>\n\n\n\n<li><a href=\"https:\/\/404.net.tr\/coloringbooks\/Trains%20-%20Coloring-Book.pdf\">Trains &#8211; Coloring-Book.pdf<\/a><\/li>\n\n\n\n<li><a href=\"https:\/\/404.net.tr\/coloringbooks\/Wee%20Sing%20America%20Coloring%20Book.pdf\">Wee Sing America Coloring Book.pdf<\/a><\/li>\n\n\n\n<li><a href=\"https:\/\/404.net.tr\/coloringbooks\/Yu-Mei%20Han%20-%20Animal%20Family%20Fun%20(Dover%20Coloring%20Book)%20-%202005.pdf\">Yu-Mei Han &#8211; Animal Family Fun (Dover Coloring Book) &#8211; 2005.pdf<\/a><\/li>\n<\/ul>\n\n\n\n<hr class=\"wp-block-separator has-alpha-channel-opacity\"\/>\n\n\n\n<p><strong>THIS PAGE IS HOSTED BY 404.NET.TR &gt;&gt;&gt; BUY CHEAP WORDPRESS HOSTING NOW 9$ &gt;&gt;&gt; CONTACT: zeliha@elyapimitablo.com<\/strong><\/p>\n\n\n\n<blockquote class=\"wp-block-quote is-layout-flow wp-block-quote-is-layout-flow\">\n<p>Boyama Kitaplar\u0131 \/ Malbuch \/ Livre de coloriage \/ Libro para colorear \/ Libro da colorare \/ Livro para colorir \/ Kleurboek \/ M\u00e5larbok \/ Malebok \/ Malebog \/ V\u00e4rityskirja \/ Litab\u00f3k \/ Ksi\u0105\u017cka do kolorowania \/ Sz\u00ednez\u0151k\u00f6nyv \/ Barevn\u00e1 kniha \/ Farbi\u010dka kniha \/ Barvna knjiga \/ Carte de colorat \/ \u0392\u03b9\u03b2\u03bb\u03af\u03bf \u03b6\u03c9\u03b3\u03c1\u03b1\u03c6\u03b9\u03ba\u03ae\u03c2 \/ \u0411\u043e\u044f\u0434\u0438\u0441\u0432\u0430\u043d\u0435 \u043d\u0430 \u043a\u043d\u0438\u0433\u0438 \/ Bojanke \/ Kr\u0101sojam\u0101 gr\u0101mata \/ Spalvinimo knyga \/ V\u00e4rviraamat \/ Kotba li tintrema<\/p>\n<\/blockquote>\n","protected":false},"excerpt":{"rendered":"<p>THIS PAGE IS HOSTED BY 404.NET.TR &gt;&gt;&gt; BUY CHEAP WORDPRESS HOSTING NOW 9$ &gt;&gt;&gt; CONTACT: zeliha@elyapimitablo.com Boyama Kitaplar\u0131 \/ Malbuch \/ Livre de coloriage \/ Libro para colorear \/ Libro da colorare \/ Livro para colorir \/ Kleurboek \/ M\u00e5larbok \/ Malebok \/ Malebog \/ V\u00e4rityskirja \/ Litab\u00f3k \/ Ksi\u0105\u017cka do kolorowania \/ Sz\u00ednez\u0151k\u00f6nyv \/ &#8230; <a title=\"Free Coloring Books\" class=\"read-more\" href=\"https:\/\/404.net.tr\/start\/free-coloring-books\/\">Read more<span class=\"screen-reader-text\">Free Coloring Books<\/span><\/a><\/p>\n","protected":false},"author":1,"featured_media":0,"parent":0,"menu_order":0,"comment_status":"closed","ping_status":"closed","template":"","meta":{"footnotes":""},"class_list":["post-66","page","type-page","status-publish"],"_links":{"self":[{"href":"https:\/\/404.net.tr\/start\/wp-json\/wp\/v2\/pages\/66","targetHints":{"allow":["GET"]}}],"collection":[{"href":"https:\/\/404.net.tr\/start\/wp-json\/wp\/v2\/pages"}],"about":[{"href":"https:\/\/404.net.tr\/start\/wp-json\/wp\/v2\/types\/page"}],"author":[{"embeddable":true,"href":"https:\/\/404.net.tr\/start\/wp-json\/wp\/v2\/users\/1"}],"replies":[{"embeddable":true,"href":"https:\/\/404.net.tr\/start\/wp-json\/wp\/v2\/comments?post=66"}],"version-history":[{"count":3,"href":"https:\/\/404.net.tr\/start\/wp-json\/wp\/v2\/pages\/66\/revisions"}],"predecessor-version":[{"id":70,"href":"https:\/\/404.net.tr\/start\/wp-json\/wp\/v2\/pages\/66\/revisions\/70"}],"wp:attachment":[{"href":"https:\/\/404.net.tr\/start\/wp-json\/wp\/v2\/media?parent=66"}],"curies":[{"name":"wp","href":"https:\/\/api.w.org\/{rel}","templated":true}]}}